{"id":1634,"date":"2021-05-03T08:25:11","date_gmt":"2021-05-03T12:25:11","guid":{"rendered":"https:\/\/pourvoiriesmauricie.com\/videos\/"},"modified":"2024-03-20T13:15:53","modified_gmt":"2024-03-20T17:15:53","slug":"videos","status":"publish","type":"page","link":"https:\/\/pourvoiriesmauricie.com\/en\/videos\/","title":{"rendered":"Notre richesse"},"content":{"rendered":"\n<p>Les pourvoyeurs de la Mauricie connaissent mieux leur territoire que quiconque. Au-del\u00e0 de l\u2019accueil chaleureux qu\u2019ils r\u00e9servent \u00e0 leur client\u00e8le, ils jouent un r\u00f4le essentiel dans le d\u00e9veloppement de notre \u00e9conomie r\u00e9gionale, la conservation de notre territoire et la p\u00e9rennit\u00e9 de nos ressources naturelles. Ensemble, ils travaillent jour apr\u00e8s jour avec un objectif commun, celui de mettre en valeur notre richesse pour l\u00e9guer aux g\u00e9n\u00e9rations futures des territoires prot\u00e9g\u00e9s, sauvages et uniques qui font partie int\u00e9grante de l\u2019identit\u00e9 de la Mauricie.<\/p>\n","protected":false},"excerpt":{"rendered":"<p>Les pourvoyeurs de la Mauricie connaissent mieux leur territoire que quiconque. Au-del\u00e0 de l\u2019accueil chaleureux qu\u2019ils r\u00e9servent \u00e0 leur client\u00e8le, [&hellip;]<\/p>\n","protected":false},"author":1,"featured_media":0,"parent":0,"menu_order":0,"comment_status":"closed","ping_status":"closed","template":"videos.php","meta":{"_acf_changed":false,"inline_featured_image":false,"footnotes":""},"class_list":["post-1634","page","type-page","status-publish","hentry"],"acf":[],"yoast_head":"<!-- This site is optimized with the Yoast SEO plugin v26.9 - https:\/\/yoast.com\/product\/yoast-seo-wordpress\/ -->\n<title>Vid\u00e9o | Association des pourvoiries de la Mauricie<\/title>\n<meta name=\"description\" content=\"D\u00e9couvrez les diff\u00e9rentes pourvoiries de la Mauricie et leurs activit\u00e9s \u00e0 travers nos vid\u00e9os.\" \/>\n<meta name=\"robots\" content=\"index, follow, max-snippet:-1, max-image-preview:large, max-video-preview:-1\" \/>\n<link rel=\"canonical\" href=\"https:\/\/pourvoiriesmauricie.com\/en\/videos\/\" \/>\n<meta property=\"og:locale\" content=\"en_US\" \/>\n<meta property=\"og:type\" content=\"article\" \/>\n<meta property=\"og:title\" content=\"Vid\u00e9o | Association des pourvoiries de la Mauricie\" \/>\n<meta property=\"og:description\" content=\"D\u00e9couvrez les diff\u00e9rentes pourvoiries de la Mauricie et leurs activit\u00e9s \u00e0 travers nos vid\u00e9os.\" \/>\n<meta property=\"og:url\" content=\"https:\/\/pourvoiriesmauricie.com\/en\/videos\/\" \/>\n<meta property=\"og:site_name\" content=\"Association Pourvoiries Mauricie\" \/>\n<meta property=\"article:modified_time\" content=\"2024-03-20T17:15:53+00:00\" \/>\n<meta name=\"twitter:card\" content=\"summary_large_image\" \/>\n<meta name=\"twitter:label1\" content=\"Est. reading time\" \/>\n\t<meta name=\"twitter:data1\" content=\"1 minute\" \/>\n<script type=\"application\/ld+json\" class=\"yoast-schema-graph\">{\"@context\":\"https:\/\/schema.org\",\"@graph\":[{\"@type\":\"WebPage\",\"@id\":\"https:\/\/pourvoiriesmauricie.com\/en\/videos\/\",\"url\":\"https:\/\/pourvoiriesmauricie.com\/en\/videos\/\",\"name\":\"Vid\u00e9o | Association des pourvoiries de la Mauricie\",\"isPartOf\":{\"@id\":\"https:\/\/pourvoiriesmauricie.com\/en\/#website\"},\"datePublished\":\"2021-05-03T12:25:11+00:00\",\"dateModified\":\"2024-03-20T17:15:53+00:00\",\"description\":\"D\u00e9couvrez les diff\u00e9rentes pourvoiries de la Mauricie et leurs activit\u00e9s \u00e0 travers nos vid\u00e9os.\",\"breadcrumb\":{\"@id\":\"https:\/\/pourvoiriesmauricie.com\/en\/videos\/#breadcrumb\"},\"inLanguage\":\"en-US\",\"potentialAction\":[{\"@type\":\"ReadAction\",\"target\":[\"https:\/\/pourvoiriesmauricie.com\/en\/videos\/\"]}]},{\"@type\":\"BreadcrumbList\",\"@id\":\"https:\/\/pourvoiriesmauricie.com\/en\/videos\/#breadcrumb\",\"itemListElement\":[{\"@type\":\"ListItem\",\"position\":1,\"name\":\"Home\",\"item\":\"https:\/\/pourvoiriesmauricie.com\/en\/\"},{\"@type\":\"ListItem\",\"position\":2,\"name\":\"Notre richesse\"}]},{\"@type\":\"WebSite\",\"@id\":\"https:\/\/pourvoiriesmauricie.com\/en\/#website\",\"url\":\"https:\/\/pourvoiriesmauricie.com\/en\/\",\"name\":\"Association Pourvoiries Mauricie\",\"description\":\"Create your memories\",\"potentialAction\":[{\"@type\":\"SearchAction\",\"target\":{\"@type\":\"EntryPoint\",\"urlTemplate\":\"https:\/\/pourvoiriesmauricie.com\/en\/?s={search_term_string}\"},\"query-input\":{\"@type\":\"PropertyValueSpecification\",\"valueRequired\":true,\"valueName\":\"search_term_string\"}}],\"inLanguage\":\"en-US\"}]}<\/script>\n<!-- \/ Yoast SEO plugin. -->","yoast_head_json":{"title":"Vid\u00e9o | Association des pourvoiries de la Mauricie","description":"D\u00e9couvrez les diff\u00e9rentes pourvoiries de la Mauricie et leurs activit\u00e9s \u00e0 travers nos vid\u00e9os.","robots":{"index":"index","follow":"follow","max-snippet":"max-snippet:-1","max-image-preview":"max-image-preview:large","max-video-preview":"max-video-preview:-1"},"canonical":"https:\/\/pourvoiriesmauricie.com\/en\/videos\/","og_locale":"en_US","og_type":"article","og_title":"Vid\u00e9o | Association des pourvoiries de la Mauricie","og_description":"D\u00e9couvrez les diff\u00e9rentes pourvoiries de la Mauricie et leurs activit\u00e9s \u00e0 travers nos vid\u00e9os.","og_url":"https:\/\/pourvoiriesmauricie.com\/en\/videos\/","og_site_name":"Association Pourvoiries Mauricie","article_modified_time":"2024-03-20T17:15:53+00:00","twitter_card":"summary_large_image","twitter_misc":{"Est. reading time":"1 minute"},"schema":{"@context":"https:\/\/schema.org","@graph":[{"@type":"WebPage","@id":"https:\/\/pourvoiriesmauricie.com\/en\/videos\/","url":"https:\/\/pourvoiriesmauricie.com\/en\/videos\/","name":"Vid\u00e9o | Association des pourvoiries de la Mauricie","isPartOf":{"@id":"https:\/\/pourvoiriesmauricie.com\/en\/#website"},"datePublished":"2021-05-03T12:25:11+00:00","dateModified":"2024-03-20T17:15:53+00:00","description":"D\u00e9couvrez les diff\u00e9rentes pourvoiries de la Mauricie et leurs activit\u00e9s \u00e0 travers nos vid\u00e9os.","breadcrumb":{"@id":"https:\/\/pourvoiriesmauricie.com\/en\/videos\/#breadcrumb"},"inLanguage":"en-US","potentialAction":[{"@type":"ReadAction","target":["https:\/\/pourvoiriesmauricie.com\/en\/videos\/"]}]},{"@type":"BreadcrumbList","@id":"https:\/\/pourvoiriesmauricie.com\/en\/videos\/#breadcrumb","itemListElement":[{"@type":"ListItem","position":1,"name":"Home","item":"https:\/\/pourvoiriesmauricie.com\/en\/"},{"@type":"ListItem","position":2,"name":"Notre richesse"}]},{"@type":"WebSite","@id":"https:\/\/pourvoiriesmauricie.com\/en\/#website","url":"https:\/\/pourvoiriesmauricie.com\/en\/","name":"Association Pourvoiries Mauricie","description":"Create your memories","potentialAction":[{"@type":"SearchAction","target":{"@type":"EntryPoint","urlTemplate":"https:\/\/pourvoiriesmauricie.com\/en\/?s={search_term_string}"},"query-input":{"@type":"PropertyValueSpecification","valueRequired":true,"valueName":"search_term_string"}}],"inLanguage":"en-US"}]}},"_links":{"self":[{"href":"https:\/\/pourvoiriesmauricie.com\/en\/wp-json\/wp\/v2\/pages\/1634","targetHints":{"allow":["GET"]}}],"collection":[{"href":"https:\/\/pourvoiriesmauricie.com\/en\/wp-json\/wp\/v2\/pages"}],"about":[{"href":"https:\/\/pourvoiriesmauricie.com\/en\/wp-json\/wp\/v2\/types\/page"}],"author":[{"embeddable":true,"href":"https:\/\/pourvoiriesmauricie.com\/en\/wp-json\/wp\/v2\/users\/1"}],"replies":[{"embeddable":true,"href":"https:\/\/pourvoiriesmauricie.com\/en\/wp-json\/wp\/v2\/comments?post=1634"}],"version-history":[{"count":8,"href":"https:\/\/pourvoiriesmauricie.com\/en\/wp-json\/wp\/v2\/pages\/1634\/revisions"}],"predecessor-version":[{"id":3423,"href":"https:\/\/pourvoiriesmauricie.com\/en\/wp-json\/wp\/v2\/pages\/1634\/revisions\/3423"}],"wp:attachment":[{"href":"https:\/\/pourvoiriesmauricie.com\/en\/wp-json\/wp\/v2\/media?parent=1634"}],"curies":[{"name":"wp","href":"https:\/\/api.w.org\/{rel}","templated":true}]}}